{"id":603,"date":"2023-09-03T02:14:49","date_gmt":"2023-09-03T02:14:49","guid":{"rendered":"https:\/\/onaturel-lodgelifou.ovh\/?page_id=603"},"modified":"2023-09-21T20:36:35","modified_gmt":"2023-09-21T09:36:35","slug":"great-waves","status":"publish","type":"page","link":"https:\/\/onaturel-lodgelifou.nc\/index.php\/great-waves\/","title":{"rendered":"Terrain de p\u00e9tanque"},"content":{"rendered":"<p style=\"text-align: left;\">Un boulodrome vous attend.<br \/>\nDe quoi faire quelque parties \u00e0 volont\u00e9 de p\u00e9tanque, molky et autres jeux divers<\/p>\n","protected":false},"excerpt":{"rendered":"<p>Boulodrome en construction<\/p>\n","protected":false},"author":3,"featured_media":1089,"parent":0,"menu_order":0,"comment_status":"open","ping_status":"open","template":"","meta":{"footnotes":""},"class_list":["post-603","page","type-page","status-publish","has-post-thumbnail","hentry"],"amp_enabled":true,"_links":{"self":[{"href":"https:\/\/onaturel-lodgelifou.nc\/index.php\/wp-json\/wp\/v2\/pages\/603","targetHints":{"allow":["GET"]}}],"collection":[{"href":"https:\/\/onaturel-lodgelifou.nc\/index.php\/wp-json\/wp\/v2\/pages"}],"about":[{"href":"https:\/\/onaturel-lodgelifou.nc\/index.php\/wp-json\/wp\/v2\/types\/page"}],"author":[{"embeddable":true,"href":"https:\/\/onaturel-lodgelifou.nc\/index.php\/wp-json\/wp\/v2\/users\/3"}],"replies":[{"embeddable":true,"href":"https:\/\/onaturel-lodgelifou.nc\/index.php\/wp-json\/wp\/v2\/comments?post=603"}],"version-history":[{"count":4,"href":"https:\/\/onaturel-lodgelifou.nc\/index.php\/wp-json\/wp\/v2\/pages\/603\/revisions"}],"predecessor-version":[{"id":867,"href":"https:\/\/onaturel-lodgelifou.nc\/index.php\/wp-json\/wp\/v2\/pages\/603\/revisions\/867"}],"wp:featuredmedia":[{"embeddable":true,"href":"https:\/\/onaturel-lodgelifou.nc\/index.php\/wp-json\/wp\/v2\/media\/1089"}],"wp:attachment":[{"href":"https:\/\/onaturel-lodgelifou.nc\/index.php\/wp-json\/wp\/v2\/media?parent=603"}],"curies":[{"name":"wp","href":"https:\/\/api.w.org\/{rel}","templated":true}]}}