{"id":602,"date":"2023-09-03T02:14:49","date_gmt":"2023-09-03T02:14:49","guid":{"rendered":"https:\/\/onaturel-lodgelifou.ovh\/?page_id=602"},"modified":"2023-09-21T17:06:52","modified_gmt":"2023-09-21T06:06:52","slug":"party-time","status":"publish","type":"page","link":"https:\/\/onaturel-lodgelifou.nc\/index.php\/party-time\/","title":{"rendered":"Nuit \u00e9toil\u00e9e"},"content":{"rendered":"<p>La faible pollution lumineuse sur Lifou offre des nuits \u00e9toil\u00e9es de grand ampleur. Si le moral vous en dit, il suffira de lever la t\u00eate et prendre le temps d&rsquo;observer.<\/p>\n","protected":false},"excerpt":{"rendered":"<p>La faible pollution lumineuse sur Lifou offre des nuits \u00e9toil\u00e9es de grand ampleur. Si le moral vous en dit, il suffira de lever la t\u00eate et prendre le temps d&rsquo;observer.<\/p>\n","protected":false},"author":3,"featured_media":1024,"parent":0,"menu_order":0,"comment_status":"open","ping_status":"open","template":"","meta":{"footnotes":""},"class_list":["post-602","page","type-page","status-publish","has-post-thumbnail","hentry"],"amp_enabled":true,"_links":{"self":[{"href":"https:\/\/onaturel-lodgelifou.nc\/index.php\/wp-json\/wp\/v2\/pages\/602","targetHints":{"allow":["GET"]}}],"collection":[{"href":"https:\/\/onaturel-lodgelifou.nc\/index.php\/wp-json\/wp\/v2\/pages"}],"about":[{"href":"https:\/\/onaturel-lodgelifou.nc\/index.php\/wp-json\/wp\/v2\/types\/page"}],"author":[{"embeddable":true,"href":"https:\/\/onaturel-lodgelifou.nc\/index.php\/wp-json\/wp\/v2\/users\/3"}],"replies":[{"embeddable":true,"href":"https:\/\/onaturel-lodgelifou.nc\/index.php\/wp-json\/wp\/v2\/comments?post=602"}],"version-history":[{"count":2,"href":"https:\/\/onaturel-lodgelifou.nc\/index.php\/wp-json\/wp\/v2\/pages\/602\/revisions"}],"predecessor-version":[{"id":872,"href":"https:\/\/onaturel-lodgelifou.nc\/index.php\/wp-json\/wp\/v2\/pages\/602\/revisions\/872"}],"wp:featuredmedia":[{"embeddable":true,"href":"https:\/\/onaturel-lodgelifou.nc\/index.php\/wp-json\/wp\/v2\/media\/1024"}],"wp:attachment":[{"href":"https:\/\/onaturel-lodgelifou.nc\/index.php\/wp-json\/wp\/v2\/media?parent=602"}],"curies":[{"name":"wp","href":"https:\/\/api.w.org\/{rel}","templated":true}]}}