{"id":601,"date":"2023-09-03T02:14:49","date_gmt":"2023-09-03T02:14:49","guid":{"rendered":"https:\/\/onaturel-lodgelifou.ovh\/?page_id=601"},"modified":"2023-09-21T21:26:28","modified_gmt":"2023-09-21T10:26:28","slug":"surf-lessons","status":"publish","type":"page","link":"https:\/\/onaturel-lodgelifou.nc\/index.php\/surf-lessons\/","title":{"rendered":"Baln\u00e9o"},"content":{"rendered":"<p>Envie de vous d\u00e9tendre, notre baignoire baln\u00e9o (jets massant, luminoth\u00e9rapie, musique) vous permettra de profiter pleinement. Les nuits claires de Lifou, laisseront appara\u00eetre un ciel \u00e9toil\u00e9.<\/p>\n","protected":false},"excerpt":{"rendered":"<p>Envie de vous d\u00e9tendre, notre baignoire baln\u00e9o (jets massant, luminoth\u00e9rapie, musique) vous permettra de profiter pleinement. Les nuits claires de Lifou, laisseront appara\u00eetre un ciel \u00e9toil\u00e9.<\/p>\n","protected":false},"author":3,"featured_media":985,"parent":0,"menu_order":0,"comment_status":"open","ping_status":"open","template":"","meta":{"footnotes":""},"class_list":["post-601","page","type-page","status-publish","has-post-thumbnail","hentry"],"amp_enabled":true,"_links":{"self":[{"href":"https:\/\/onaturel-lodgelifou.nc\/index.php\/wp-json\/wp\/v2\/pages\/601","targetHints":{"allow":["GET"]}}],"collection":[{"href":"https:\/\/onaturel-lodgelifou.nc\/index.php\/wp-json\/wp\/v2\/pages"}],"about":[{"href":"https:\/\/onaturel-lodgelifou.nc\/index.php\/wp-json\/wp\/v2\/types\/page"}],"author":[{"embeddable":true,"href":"https:\/\/onaturel-lodgelifou.nc\/index.php\/wp-json\/wp\/v2\/users\/3"}],"replies":[{"embeddable":true,"href":"https:\/\/onaturel-lodgelifou.nc\/index.php\/wp-json\/wp\/v2\/comments?post=601"}],"version-history":[{"count":3,"href":"https:\/\/onaturel-lodgelifou.nc\/index.php\/wp-json\/wp\/v2\/pages\/601\/revisions"}],"predecessor-version":[{"id":1107,"href":"https:\/\/onaturel-lodgelifou.nc\/index.php\/wp-json\/wp\/v2\/pages\/601\/revisions\/1107"}],"wp:featuredmedia":[{"embeddable":true,"href":"https:\/\/onaturel-lodgelifou.nc\/index.php\/wp-json\/wp\/v2\/media\/985"}],"wp:attachment":[{"href":"https:\/\/onaturel-lodgelifou.nc\/index.php\/wp-json\/wp\/v2\/media?parent=601"}],"curies":[{"name":"wp","href":"https:\/\/api.w.org\/{rel}","templated":true}]}}