{"id":202,"date":"2023-09-03T02:14:49","date_gmt":"2023-09-03T02:14:49","guid":{"rendered":"https:\/\/onaturel-lodgelifou.ovh\/?page_id=202"},"modified":"2023-09-23T11:17:47","modified_gmt":"2023-09-23T00:17:47","slug":"activities","status":"publish","type":"page","link":"https:\/\/onaturel-lodgelifou.nc\/index.php\/activities\/","title":{"rendered":"Activit\u00e9s propos\u00e9es sur l&rsquo;\u00eele"},"content":{"rendered":"\n<ul class=\"wp-block-list\">\n<li>Baie de Chateaubriand &#8211;&gt; Longue plage de sable blanc, au c\u0153ur du village de W\u00e9.<\/li>\n<\/ul>\n\n\n\n<p><\/p>\n\n\n\n<ul class=\"wp-block-list\">\n<li>Grotte de Qanono &#8211;&gt; &#8211; chaussures ferm\u00e9es &#8211; La plus belle de Lifou avec une rando de 30 min ds foret puis arriv\u00e9e grotte avec un passage dans l&rsquo;eau au d\u00e9but et ensuite visite de la grotte = 3500fr par t\u00eate, besoin d&rsquo;une lampe et de chaussures.<\/li>\n<\/ul>\n\n\n\n<p><\/p>\n\n\n\n<ul class=\"wp-block-list\">\n<li>Drehu Fishing &#8211;&gt; Sortie p\u00eache sportive \u00e0 la demi-journ\u00e9e ou journ\u00e9e. Promenade et p\u00eache, organisation d&rsquo;\u00e9v\u00e8nements ou de journ\u00e9es \u00e0 la carte. Prise en charge possible depuis votre arriv\u00e9e \u00e0 Wanaham. Partenariat avec l&rsquo;H\u00f4tel Oasis de Kiamu et Le Tamanou Beach. Sortie \u00e0 la demi-journ\u00e9e de 5h \u00e0 12h, et possibilit\u00e9 de rester p\u00eacher apr\u00e8s midi &#8211; T\u00e9l : +687 45 12 73&nbsp; +687 87 91 44&nbsp; Monsieur Rigourd Alexandre (un copain, un passionn\u00e9, frissons garantis)<\/li>\n<\/ul>\n\n\n\n<p><\/p>\n\n\n\n<ul class=\"wp-block-list\">\n<li>Lifou nature, Hunete &#8211;&gt; +687 94.04.31 -chaussures ferm\u00e9es- Rando en foret de 1h pour arriver sur une plage perdue isol\u00e9e, une des plus belle accessible que par l\u00e0 et prot\u00e9g\u00e9e, avec PMT &nbsp;le seul en d\u00e9rivante de Lifou qui est juste magique! Possibilit\u00e9s de r\u00e9server le repas en plus ils font table d&rsquo;h\u00f4te. PRESTATAIRE : MME IJEZI\u00c9 MARIANNA.&nbsp; Vous \u00eates \u00e0 la tribu de Hun\u00ebt\u00eb, dans le district du Wetr o\u00f9 r\u00e9sident Marianna et Bassie Ijezie. Ils ont cr\u00e9\u00e9 une r\u00e9serve naturelle permettant la pr\u00e9servation de la faune et de la flore. Immerg\u00e9 en pleine nature, vous pourrez d\u00e9couvrir les bunis qui servent de poteau central \u00e0 la grande case du wetr \u00e0 la tribu de Hnathalo. Il est n\u00e9cessaire de r\u00e9server pour organiser au mieux votre s\u00e9jour.<\/li>\n<\/ul>\n\n\n\n<p><\/p>\n\n\n\n<ul class=\"wp-block-list\">\n<li>Peng \u2014&gt; plage en mode crique ouverte (free) Pour se rendre \u00e0 la plage de Peng, dirige-toi vers Hapetra. Arriv\u00e9 au village, la route goudronn\u00e9e continue vers la gauche. Prends la route non goudronn\u00e9e en face de toi (\u00e0 droite). Roule encore pendant 3km et tu tomberas sur Peng<\/li>\n<\/ul>\n\n\n\n<p><\/p>\n\n\n\n<ul class=\"wp-block-list\">\n<li>Grotte de Wedrumel \u2014&gt; T\u00e9l\u00e9phone : 479258 Mobile : 821623 -chaussures ferm\u00e9es-<br>Ces petites paillotes atypiques se dressent fi\u00e8rement au milieu de la v\u00e9g\u00e9tation luxuriante de l&rsquo;\u00eele. Vous \u00eates \u00e0 la tribu de Wedrumel, chez Jeanne Passil.<br>Vous avez la possibilit\u00e9 de vous poser le temps d&rsquo;une nuit ou plus. Le tr\u00e9sor de Wedrumel se trouve sous terre. C&rsquo;est une grotte souterraine o\u00f9 se r\u00e9fugiaient les guerriers lors des grandes batailles tribales.<br>La marche \u00e0 &nbsp;l&rsquo;int\u00e9rieur de la grotte demande une certaine agilit\u00e9, mais l&rsquo;effort vaut le d\u00e9tour entre concr\u00e9tions calcaires et jeu de lumi\u00e8re. Pour se remettre de ses \u00e9motions, on prend la direction de Drueulu \u00e0 l&rsquo;accueil en tribu \u00ab Au c\u0153ur de Lito \u00bb pour une pause d\u00e9jeuner. D\u00e9part 8h, jusqu\u2019\u00e0 30 m de profondeur. Grotte s\u00e8che. Pas besoin de lampe, elle en fournies.<\/li>\n<\/ul>\n\n\n\n<p><\/p>\n\n\n\n<ul class=\"wp-block-list\">\n<li>Jardin botanique pr\u00e8s de Easo &#8211;&gt; visite payante d&rsquo;un petit jardin botanique fait maison avec explications d&rsquo;histoires ancestrales et il montre comment tu fais pour marquer l&#8217;empreinte de ta main dans la pierre comme les hommes pr\u00e9historique <\/li>\n<\/ul>\n\n\n\n<p><\/p>\n\n\n\n<ul class=\"wp-block-list\">\n<li>PMT (Palmes-Masque-Tuba) r\u00e9serve naturelle de Jinek &#8211;> acc\u00e8s libre, superbe snorkeling, corail magnifique et de nombreux poissons repr\u00e9sentant bien la Nouvelle-Cal\u00e9donie. On l\u2019appelle \u201cl\u2019aquarium\u201d ici. Un sentier sous-marin de plusieurs bou\u00e9es balis\u00e9es t\u2019aide \u00e0 d\u00e9couvrir la richesse des eaux de la baie de Jinek : clowns, b\u00e9nitiers, perroquets, chirurgiens, trompettes. Un festival de poissons tropicaux<\/li>\n<\/ul>\n\n\n\n<p><\/p>\n\n\n\n<ul class=\"wp-block-list\">\n<li>Chapelle de Notre de lourde &#8211;&gt; petit point de vue sur toute la baie de Santal et une petite \u00e9glise. Acc\u00e8s libre<\/li>\n<\/ul>\n\n\n\n<p><\/p>\n\n\n\n<ul class=\"wp-block-list\">\n<li>Easo, baie des tortues &#8211;> Ponton (qui accueille les paquebots et c&rsquo;est aussi le d\u00e9part du club de plong\u00e9e), snorkeling possible peu de poisson mais pas mal de tortues s\u00e9dentaires qui sont toujours l\u00e0 avec qui on peut nager sans les d\u00e9ranger bien sur, pas peureuses du tout. Activit\u00e9 libre<\/li>\n<\/ul>\n\n\n\n<p><\/p>\n\n\n\n<ul class=\"wp-block-list\">\n<li>Falaise de Jokin &#8211;> Acc\u00e8s libre. \u00c0 une quarantaine de m\u00e8tres de haut, les falaises de Jokin repr\u00e9sentent une curiosit\u00e9 naturelle incroyable. En bas, des eaux cristallines abritent de nombreuses patates coralliennes et une faune aquatique remarquable. Point de vue magnifique. Tout pr\u00e8s des falaises se trouve la tr\u00e8s jolie case du petit chef de Jokin dont les gardiens veillent sur la double porte d\u2019entr\u00e9e. \u00c0 l&rsquo;accueil en tribu Far\u00e9 falaise, vous pourrez prendre un d\u00e9jeuner sur le pouce dans une ambiance \u00ab comme \u00e0 la maison \u00bb avec Louise. Un escalier s&rsquo;y trouve, il vous m\u00e9nera \u00e0 une crique sans sable, o\u00f9 il est possible de faire un super snorkeling quand la mer n&rsquo;est pas trop agit\u00e9e.<\/li>\n<\/ul>\n\n\n\n<p><\/p>\n\n\n\n<ul class=\"wp-block-list\">\n<li>Lagoon Safari &#8211;&gt; Le club de plong\u00e9e est situ\u00e9 en bordure de la tr\u00e8s belle baie de Santal, point de d\u00e9part vers la d\u00e9couverte des meilleurs spots de plong\u00e9e de Lifou. (Parmis les 10 plus belles plong\u00e9es au monde) Au programme, eaux cristallines, coraux multicolores, ballet incessant des multiples esp\u00e8ces de poissons et crustac\u00e9s. Bapt\u00eame de plong\u00e9e, plong\u00e9es exploration, plong\u00e9e de nuit, randonn\u00e9e palm\u00e9e, et formations ANMP et PADI (jusqu&rsquo;au DIVEMASTER) et autres sont possibles<\/li>\n<\/ul>\n\n\n\n<p>T\u00e9l\u00e9phone : +687 45 40 60&nbsp;<br>T\u00e9l\u00e9phone : +687 89 43 20&nbsp;<br>Mr Geihaze Lucien<\/p>\n\n\n\n<p><\/p>\n\n\n\n<ul class=\"wp-block-list\">\n<li>Rand&rsquo; O palm\u00e9e \u00e0 X\u00e9p\u00e9n\u00e9h\u00e9 \u00e0+687 81 97 65+687 71 00 35 Avec Bastien Jourdan et Jeff<\/li>\n<\/ul>\n\n\n\n<p>Excursion en bateau pour une randonn\u00e9e palm\u00e9e aux alentours de la baie de Santal, apr\u00e8s le cap Nord de la c\u00f4te. Vous serez accompagn\u00e9s d&rsquo;un guide dipl\u00f4m\u00e9 et assur\u00e9, pour explorer 3 sites, choisis en fonction de leur int\u00e9r\u00eat, du niveau des participants et des conditions m\u00e9t\u00e9orologiques.<\/p>\n\n\n\n<p><\/p>\n\n\n\n<ul class=\"wp-block-list\">\n<li>Kiki Beach \u00e0 Xepenehe &#8211;> Plage de Kiki : rando de 45 min en f\u00f4ret, pour arriv\u00e9e sur une toute petite plage isol\u00e9e, non accessible autrement, avec une super vue. Nous vous conseillons d&rsquo;y aller \u00e0 mar\u00e9e basse, sinon vous n&rsquo;aurez pas acc\u00e8s \u00e0 la plage. [assez plat, sauf la fin escarp\u00e9e] &#8211; chaussures ferm\u00e9es &#8211; La Kiki beach \u00e9tait auparavant le spot secret de l\u2019\u00eele de Lifou. Aujourd\u2019hui, plus ou moins tout le monde en a entendu parler au moins une fois. Elle est pourtant toujours pas facile \u00e0 trouver. Pour ne pas passer \u00e0 c\u00f4t\u00e9, on te donne quelques conseils. Penser \u00e0 mettre des chaussures ferm\u00e9es, le sentier est parfois tranchant. Regarder l\u2019heure de la mar\u00e9e du jour, ce serait b\u00eate de ne pas voir de plage. S\u2019y rendre au d\u00e9but de la mar\u00e9e basse. Se garer au niveau du bus abandonn\u00e9, un peu avant le village de Xepenehe. Se rendre derri\u00e8re le terrain de foot o\u00f9 se trouve la maison de Jean Paul. Payer 500 XPF par personne. Prendre le chemin au bout de son jardin. Suivre le chemin \u00e0 peine balis\u00e9 (par des bouts de tissus de couleur) dans la for\u00eat pendant environ 30 minutes. Ne pas descendre dans la premi\u00e8re crique, continuer vers la gauche. Admirer le point de vue sur les falaises avant de descendre sur la grande plage de Kiki. Prendre la petite \u00e9chelle en bois pour descendre de la falaise. En arrivant le matin, on \u00e9tait seuls au monde tel Robinson Cruso\u00e9, entour\u00e9s par les falaises et l\u2019eau turquoise.<\/li>\n<\/ul>\n\n\n\n<p><\/p>\n\n\n\n<ul class=\"wp-block-list\">\n<li>Jardin botanique&nbsp;\u00e0 Mucaweng<\/li>\n<\/ul>\n\n\n\n<p><strong>Mr Bole Felix &#8211; <\/strong>+687 91 95 53 &nbsp;+687 94 70 24<\/p>\n\n\n\n<p>&nbsp;La culture de la vanille a \u00e9t\u00e9 introduite \u00e0 Lifou en 1860 par le pasteur anglais Samuel McFarlane, qui avait ramen\u00e9 sur son bateau quelques plants, en provenance de Madagascar. Aujourd&rsquo;hui, plus de 120 producteurs et de tr\u00e8s nombreux planteurs fournissent une vanille 100 % naturelle, devenue l&rsquo;or brun de Lifou. \u00c0 Mucaweng, F\u00e9lix Bole fut l&rsquo;un des premiers \u00e0 faire visiter sa plantation.<\/p>\n\n\n\n<ul class=\"wp-block-list\">\n<li>Heizengen &#8211;&gt; Randonn\u00e9e d&rsquo;une 1h, c\u00f4te Est de Lifou, avec arriv\u00e9e sur une plage perdue type KOH lanta ou on peut pique-niquer. Au cours de la descente, vous trouverez un petit trou d&rsquo;eau avec possibilit\u00e9 de se baigner -chaussures ferm\u00e9es-<\/li>\n<\/ul>\n\n\n\n<p><\/p>\n\n\n\n<ul class=\"wp-block-list\">\n<li>Ciole &#8211;&gt; Trou d&rsquo;eau avec grotte, Magnifique randonn\u00e9e. Escarp\u00e9e 1h30 [physique]. Faire la demande au petit chef avant. Demander \u00e0 la tribu une fois sur place.<\/li>\n<\/ul>\n\n\n\n<p><\/p>\n\n\n\n<ul class=\"wp-block-list\">\n<li>Maison de la vanille<strong> &#8212;<\/strong>&gt; La Maison de la vanille, situ\u00e9e \u00e0 la tribu de Hnathalo, vous accueille pour d\u00e9couvrir tous les secrets de la vanille, de son histoire aux techniques de culture et de pr\u00e9paration. Vente de gousses, vanille en poudre et produits d\u00e9riv\u00e9s. <\/li>\n<\/ul>\n\n\n\n<p><\/p>\n\n\n\n<ul class=\"wp-block-list\">\n<li>Oasis de Kiamu &#8211;&gt; petit PMT sympa \u00e0 faire juste en face de l&rsquo;Oasis<\/li>\n<\/ul>\n\n\n\n<p><\/p>\n\n\n\n<ul class=\"wp-block-list\">\n<li>Plage de luengoni &#8211;> magnifique plage \u00e9tendue, tortues visibles, peu de poisson. Pour pouvoir faire un snorkeling vous pourrez aller jusqu&rsquo;\u00e0 la barri\u00e8re si le coeur vous en dit. <\/li>\n\n\n\n<li>Joyaux de Luengoni &#8211;&gt; A l&rsquo;entr\u00e9e de la tribu de Lueng\u00f6ni. Suivez la famille Pia \u00e0 travers la for\u00eat pour rejoindre des grottes fascinantes. Les chaussures de marche, le maillot de bain et le masque et tuba sont conseill\u00e9s pour vous aventurer dans les eaux fraiches et cristallines. Les joyaux de Luengoni&nbsp;: Il propose les ballades le matin dans les grottes et le trou d\u2019eau de couleur vert turquoise. Un guide est indispensable. Le parcours est facile pour les marcheurs entra\u00een\u00e9s. Apr\u00e8s la visite, r\u00e9servez votre repas \u00e0 la petite baie dans un cadre idyllique.<\/li>\n<\/ul>\n\n\n\n<p><\/p>\n\n\n\n<ul class=\"wp-block-list\">\n<li>Mou, Vanilleraie, \u00ab\u00a0la vanille joyeuse\u00a0\u00bb &#8211;&gt; une petite heure, avec Lues un vieux de Lifou Visite d&rsquo;une vanilleraie \u00e0 taille humaine, d\u00e9couverte de l&rsquo;histoire de la vanille sur Lifou avec possibilit\u00e9 d&rsquo;acheter de la vanille (selon stock disponible) +687 45 15 79 +687 92 41 82Monsieur Rokuad Lu\u00e8s<\/li>\n<\/ul>\n\n\n\n<p><\/p>\n\n\n\n<ul class=\"wp-block-list\">\n<li>Mou, Piscine naturelles ou Cap des pins &#8211;&gt; +687 928147 petite rando de 25 min mais qui monte et descend, avec arriv\u00e9e sur des piscines naturelles au bord des falaises = 2000f d\u00e9part au Tamanu Beach \u00e0 Mou chez Eric Gaze avec Viviane sa fille qui vous fait la rando [court mais escarp\u00e9e, un peu physique] &nbsp;-chaussures ferm\u00e9es- ou un peu plus long mais moins escarp\u00e9 chez gite Oukeiwe \u00e0 droite au panneau GOD premi\u00e8re maison \u00e0 gauche, possibilit\u00e9 de g\u00eete<\/li>\n<\/ul>\n\n\n\n<p><\/p>\n\n\n\n<ul class=\"wp-block-list\">\n<li>Mou, Joj, plage &#8211;&gt; petite crique perdue, comme dans un r\u00eave, peu de fond, peu de poisson, mais eau toujours chaude, demander \u00e0 l&rsquo;entr\u00e9e \u00e0 la premi\u00e8re maison si possibilit\u00e9 d&rsquo;y aller. N&rsquo;aller qu&rsquo;\u00e0 la deuxi\u00e8me plage, la premi\u00e8re est r\u00e9serv\u00e9e au petit chef.<\/li>\n<\/ul>\n\n\n\n<p><\/p>\n\n\n\n<ul class=\"wp-block-list\">\n<li>Mou, Baie de Wadra et baie des tortues &#8211;&gt; 2 belles plages, une en forme de cuvette.<\/li>\n<\/ul>\n\n\n\n<p><\/p>\n\n\n\n<p>Si vous souhaitez plus d&rsquo;informations vous pouvez vous rendre sur le site Nouvelle Cal\u00e9donie travel ou d&rsquo;autres encore<\/p>\n","protected":false},"excerpt":{"rendered":"<p>T\u00e9l\u00e9phone : +687 45 40 60&nbsp;T\u00e9l\u00e9phone : +687 89 43 20&nbsp;Mr Geihaze Lucien Excursion en bateau pour une randonn\u00e9e palm\u00e9e aux alentours de la baie de Santal, apr\u00e8s le cap Nord de la c\u00f4te. Vous serez accompagn\u00e9s d&rsquo;un guide dipl\u00f4m\u00e9 et assur\u00e9, pour explorer 3 sites, choisis en fonction de leur int\u00e9r\u00eat, du niveau des [&hellip;]<\/p>\n","protected":false},"author":3,"featured_media":0,"parent":0,"menu_order":0,"comment_status":"open","ping_status":"open","template":"","meta":{"footnotes":""},"class_list":["post-202","page","type-page","status-publish","hentry"],"amp_enabled":true,"_links":{"self":[{"href":"https:\/\/onaturel-lodgelifou.nc\/index.php\/wp-json\/wp\/v2\/pages\/202","targetHints":{"allow":["GET"]}}],"collection":[{"href":"https:\/\/onaturel-lodgelifou.nc\/index.php\/wp-json\/wp\/v2\/pages"}],"about":[{"href":"https:\/\/onaturel-lodgelifou.nc\/index.php\/wp-json\/wp\/v2\/types\/page"}],"author":[{"embeddable":true,"href":"https:\/\/onaturel-lodgelifou.nc\/index.php\/wp-json\/wp\/v2\/users\/3"}],"replies":[{"embeddable":true,"href":"https:\/\/onaturel-lodgelifou.nc\/index.php\/wp-json\/wp\/v2\/comments?post=202"}],"version-history":[{"count":11,"href":"https:\/\/onaturel-lodgelifou.nc\/index.php\/wp-json\/wp\/v2\/pages\/202\/revisions"}],"predecessor-version":[{"id":1165,"href":"https:\/\/onaturel-lodgelifou.nc\/index.php\/wp-json\/wp\/v2\/pages\/202\/revisions\/1165"}],"wp:attachment":[{"href":"https:\/\/onaturel-lodgelifou.nc\/index.php\/wp-json\/wp\/v2\/media?parent=202"}],"curies":[{"name":"wp","href":"https:\/\/api.w.org\/{rel}","templated":true}]}}