{"id":101,"date":"2023-09-03T02:14:49","date_gmt":"2023-09-03T02:14:49","guid":{"rendered":"https:\/\/onaturel-lodgelifou.ovh\/?page_id=101"},"modified":"2023-11-30T20:36:09","modified_gmt":"2023-11-30T09:36:09","slug":"home","status":"publish","type":"page","link":"https:\/\/onaturel-lodgelifou.nc\/","title":{"rendered":"Home"},"content":{"rendered":"\n<h2 class=\"wp-block-heading\">\ud83c\udf34<strong> Bienvenue \u00e0 \u00d4 Naturel lodge Lifou ! <\/strong>\ud83c\udf34<\/h2>\n\n\n\n<p>&nbsp;La Villa Yucca \u00e0 Lifou : l\u00e0 o\u00f9 les r\u00eaves deviennent r\u00e9alit\u00e9.<\/p>\n\n\n\n<h3 class=\"wp-block-heading\">\ud83d\udccd Localisation :<\/h3>\n\n\n\n<p>Situ\u00e9e sur la magnifique \u00eele de Lifou, au c\u0153ur de l&rsquo;oc\u00e9an Pacifique, la Villa Yucca offre un cadre paradisiaque et une \u00e9vasion garantie.<\/p>\n\n\n\n<p>Situ\u00e9e \u00e0 moins de 10 min de We et de ses commodit\u00e9s, au c\u0153ur de Lifou, en toute tranquillit\u00e9.<\/p>\n\n\n\n<p>A 7 min de la plage de Chateaubriand et 10 min de la plage de Peng. Lifou est la plus grande des \u00eeles loyaut\u00e9s. Environ la taille de la Martinique avec de nombreux tr\u00e9sors \u00e0 d\u00e9couvrir : des visites de fonds marins, de grottes, de trous d\u2019eau, de plages de sable blanc.<\/p>\n\n\n\n<h3 class=\"wp-block-heading\">\ud83c\udfe1 La Villa :<\/h3>\n\n\n\n<p>L&rsquo;h\u00e9bergement Yucca se distingue par son architecture \u00e9l\u00e9gante et ses \u00e9quipements complets, promettant un s\u00e9jour confortable et inoubliable. Les chambres agr\u00e9ables, la salle de bain et la cuisine enti\u00e8rement \u00e9quip\u00e9e font de cette villa un havre de paix.<\/p>\n\n\n\n<p>Cette Villa de 70m\u00b2 est compos\u00e9e d\u2019un s\u00e9jour, d\u2019une cuisine-salle \u00e0 manger, de deux chambres doubles, d\u2019une salle de bain avec baignoire baln\u00e9o (jets massant, lumi\u00e8re, radio), d\u2019une douche et d\u2019un sanitaire.<\/p>\n\n\n\n<p>\ud83d\udcde R\u00e9servations: R\u00e9servez d\u00e8s maintenant et d\u00e9couvrez le secret le mieux gard\u00e9 du Pacifique!<\/p>\n\n\n\n<p>Pour r\u00e9server votre s\u00e9jour de r\u00eave \u00e0 la Villa Yucca, contactez-nous : https:\/\/onaturel-lodgelifou.nc\/<\/p>\n\n\n\n<h3 class=\"wp-block-heading\">\ud83c\udf3a Vivez l&rsquo;Exp\u00e9rience Yucca !<\/h3>\n\n\n\n<p>N&rsquo;attendez plus! Venez vivre une exp\u00e9rience unique et m\u00e9morable au sein de la Villa Yucca, au c\u0153ur de l&rsquo;\u00eele de Lifou. Profitez de l&rsquo;hospitalit\u00e9 chaleureuse, du cadre \u00e9poustouflant et de la s\u00e9r\u00e9nit\u00e9 in\u00e9gal\u00e9e.<\/p>\n\n\n\n<p>\ud83d\udcbc Parfait pour :<\/p>\n\n\n\n<ul class=\"wp-block-list\">\n<li>Les amoureux en lune de miel<\/li>\n\n\n\n<li>Les familles cherchant une \u00e9vasion tropicale<\/li>\n\n\n\n<li>Les groupes d&rsquo;amis en qu\u00eate d&rsquo;aventure<\/li>\n\n\n\n<li>Les professionnels en besoin de d\u00e9tente<\/li>\n<\/ul>\n\n\n\n<p>\ud83c\udf1f R\u00e9servez votre s\u00e9jour de r\u00eave \u00e0 la Villa Yucca et d\u00e9couvrez un bout du paradis !<\/p>\n\n\n\n<h3 class=\"wp-block-heading\">\ud83c\udf34 D\u00e9couvrez Lifou : La Perle du Pacifique! \ud83c\udf34<\/h3>\n\n\n\n<p>\ud83c\udf0a \u00c9vadez-vous du quotidien et plongez dans un paradis pr\u00e9serv\u00e9, o\u00f9 les eaux cristallines rencontrent des paysages \u00e0 couper le souffle. Bienvenue \u00e0 Lifou, le joyau des \u00celes Loyaut\u00e9, en Nouvelle-Cal\u00e9donie.<\/p>\n\n\n\n<h3 class=\"wp-block-heading\">\u2728 Pourquoi choisir Lifou ?<\/h3>\n\n\n\n<p>&nbsp;Plages de r\u00eave : Des \u00e9tendues de sable fin et blanc bord\u00e9es de cocotiers, o\u00f9 l&rsquo;oc\u00e9an scintille sous les rayons dor\u00e9s du soleil. Lifou est l&rsquo;endroit id\u00e9al pour s&rsquo;allonger, se d\u00e9tendre et se ressourcer.<\/p>\n\n\n\n<p>Richesse culturelle : Rencontrez le peuple kanak, fier de son h\u00e9ritage et de ses traditions. Participez \u00e0 des c\u00e9r\u00e9monies ancestrales, d\u00e9couvrez les danses locales et laissez-vous envo\u00fbter par les contes et l\u00e9gendes de l&rsquo;\u00eele.<\/p>\n\n\n\n<p>Merveilles sous-marines : Avec ses fonds marins abritant une multitude de poissons exotiques, Lifou est un paradis pour les plongeurs et les amateurs de snorkeling.<\/p>\n\n\n\n<p>Grottes myst\u00e9rieuses : Explorez les grottes cach\u00e9es de Lifou, comme la grotte de Qanono, et d\u00e9couvrez les secrets bien gard\u00e9s de l&rsquo;\u00eele.<\/p>\n\n\n\n<p>Cuisine locale : D\u00e9gustez les d\u00e9lices de la mer, fra\u00eechement p\u00each\u00e9s, et savourez les sp\u00e9cialit\u00e9s locales qui raviront vos papilles.<\/p>\n\n\n\n<p>&nbsp;\ud83c\udf1e Lifou n&rsquo;attend plus que vous ! Offrez-vous une escapade dans un monde o\u00f9 la nature r\u00e8gne en ma\u00eetresse, o\u00f9 chaque instant est un souvenir inoubliable. Lifou, c&rsquo;est l&rsquo;authenticit\u00e9 \u00e0 l&rsquo;\u00e9tat pur.<\/p>\n\n\n\n<p>\ud83d\udcde R\u00e9servez d\u00e8s maintenant et vivez l&rsquo;exp\u00e9rience Lifou !<\/p>\n\n\n\n<p>\ud83c\udf3a\ud83c\udf0a\ud83c\udf34 N&rsquo;attendez plus, le paradis vous appelle&#8230; \ud83c\udf3a\ud83c\udf0a\ud83c\udf34<\/p>\n\n\n\n<p><\/p>\n\n\n\n<p><\/p>\n\n\n\n<p><\/p>\n","protected":false},"excerpt":{"rendered":"<p>Si vous souhaitez passer quelques jours afin de vous ressourcer, faire quelques visites, randonn\u00e9es, grottes, trous d&rsquo;eau ou simplement profiter des plages de sables blancs qu&rsquo;offre Lifou, vous \u00eates au bon endroit. #Lodge #Gite <\/p>\n","protected":false},"author":3,"featured_media":0,"parent":0,"menu_order":0,"comment_status":"closed","ping_status":"open","template":"","meta":{"footnotes":""},"class_list":["post-101","page","type-page","status-publish","hentry"],"amp_enabled":false,"_links":{"self":[{"href":"https:\/\/onaturel-lodgelifou.nc\/index.php\/wp-json\/wp\/v2\/pages\/101","targetHints":{"allow":["GET"]}}],"collection":[{"href":"https:\/\/onaturel-lodgelifou.nc\/index.php\/wp-json\/wp\/v2\/pages"}],"about":[{"href":"https:\/\/onaturel-lodgelifou.nc\/index.php\/wp-json\/wp\/v2\/types\/page"}],"author":[{"embeddable":true,"href":"https:\/\/onaturel-lodgelifou.nc\/index.php\/wp-json\/wp\/v2\/users\/3"}],"replies":[{"embeddable":true,"href":"https:\/\/onaturel-lodgelifou.nc\/index.php\/wp-json\/wp\/v2\/comments?post=101"}],"version-history":[{"count":27,"href":"https:\/\/onaturel-lodgelifou.nc\/index.php\/wp-json\/wp\/v2\/pages\/101\/revisions"}],"predecessor-version":[{"id":1207,"href":"https:\/\/onaturel-lodgelifou.nc\/index.php\/wp-json\/wp\/v2\/pages\/101\/revisions\/1207"}],"wp:attachment":[{"href":"https:\/\/onaturel-lodgelifou.nc\/index.php\/wp-json\/wp\/v2\/media?parent=101"}],"curies":[{"name":"wp","href":"https:\/\/api.w.org\/{rel}","templated":true}]}}